{"id":633,"date":"2023-09-15T21:51:11","date_gmt":"2023-09-15T19:51:11","guid":{"rendered":"https:\/\/digitale-faszination.de\/imprint\/"},"modified":"2025-09-21T14:54:02","modified_gmt":"2025-09-21T12:54:02","slug":"imprint","status":"publish","type":"page","link":"https:\/\/digitale-faszination.de\/en\/imprint\/","title":{"rendered":"Imprint"},"content":{"rendered":"\n<h2 class=\"wp-block-heading\">Information according to \u00a7 5 TMG<\/h2>\n\n<p>Digitale Faszination GmbH<br\/>Unterer Sand 9<br\/>94209 Regen<\/p>\n\n<p>Commercial register: HRB 5915<br\/>Register court: Deggendorf<\/p>\n\n<p>Sales tax ID: DE364737266<\/p>\n\n<p><strong>Represented by:<\/strong><br\/>Peter Stoiber<br\/>Regina Stoiber<\/p>\n\n<h2 class=\"wp-block-heading\">Contact us<\/h2>\n\n<p>Phone: 09921 9063554<br\/>E-mail: kontakt@digitale-faszination.de<\/p>\n\n<h2 class=\"wp-block-heading\">EU dispute resolution<\/h2>\n\n<p>The European Commission provides a platform for online dispute resolution (OS): <a href=\"https:\/\/ec.europa.eu\/consumers\/odr\/\" target=\"_blank\" rel=\"noreferrer noopener\">https:\/\/ec.europa.eu\/consumers\/odr\/.<\/a><br\/>You can find our email address in the legal notice above.<\/p>\n\n<h2 class=\"wp-block-heading\">Consumer dispute resolution\/universal arbitration board<\/h2>\n\n<p>We participate in a dispute resolution procedure before a consumer arbitration board. The universal arbitration board of the Zentrum f\u00fcr Schlichtung e.V., Stra\u00dfburger Stra\u00dfe 8, 77694 Kehl am Rhein<a href=\"https:\/\/www.verbraucher-schlichter.de\" rel=\"noreferrer noopener\" target=\"_blank\">(https:\/\/www.verbraucher-schlichter.de)<\/a> is responsible. <\/p>\n\n<p><\/p>\n<div class=\"woocommerce woocommerce-gzd woocommerce-gzd-complaints-shortcode\">\n\t\t\t<h3>Alternative Dispute Resolution in accordance with Art. 14 (1) ODR-VO and \u00a7 36 VSBG:<\/h3>\n\t\nWe are neither obliged nor willing to participate in dispute resolution proceedings before a consumer arbitration board.<\/div>\n","protected":false},"excerpt":{"rendered":"<p>Information according to \u00a7 5 TMG Digitale Faszination GmbHUnterer Sand 994209 Regen Commercial register: HRB 5915Register court: Deggendorf Sales tax ID: DE364737266 Represented by:Peter StoiberRegina Stoiber Contact us Phone: 09921 9063554E-mail: kontakt@digitale-faszination.de EU dispute resolution The European Commission provides a platform for online dispute resolution (OS): https:\/\/ec.europa.eu\/consumers\/odr\/.You can find our email address in the legal&hellip; <br \/> <a class=\"read-more\" href=\"https:\/\/digitale-faszination.de\/en\/imprint\/\">Read more<\/a><\/p>\n","protected":false},"author":1,"featured_media":0,"parent":0,"menu_order":0,"comment_status":"closed","ping_status":"closed","template":"","meta":{"_monsterinsights_skip_tracking":false,"_monsterinsights_sitenote_active":false,"_monsterinsights_sitenote_note":"","_monsterinsights_sitenote_category":0,"footnotes":""},"class_list":["post-633","page","type-page","status-publish","hentry"],"_links":{"self":[{"href":"https:\/\/digitale-faszination.de\/en\/wp-json\/wp\/v2\/pages\/633","targetHints":{"allow":["GET"]}}],"collection":[{"href":"https:\/\/digitale-faszination.de\/en\/wp-json\/wp\/v2\/pages"}],"about":[{"href":"https:\/\/digitale-faszination.de\/en\/wp-json\/wp\/v2\/types\/page"}],"author":[{"embeddable":true,"href":"https:\/\/digitale-faszination.de\/en\/wp-json\/wp\/v2\/users\/1"}],"replies":[{"embeddable":true,"href":"https:\/\/digitale-faszination.de\/en\/wp-json\/wp\/v2\/comments?post=633"}],"version-history":[{"count":3,"href":"https:\/\/digitale-faszination.de\/en\/wp-json\/wp\/v2\/pages\/633\/revisions"}],"predecessor-version":[{"id":1031,"href":"https:\/\/digitale-faszination.de\/en\/wp-json\/wp\/v2\/pages\/633\/revisions\/1031"}],"wp:attachment":[{"href":"https:\/\/digitale-faszination.de\/en\/wp-json\/wp\/v2\/media?parent=633"}],"curies":[{"name":"wp","href":"https:\/\/api.w.org\/{rel}","templated":true}]}}